{"id":73,"date":"2025-02-15T18:11:58","date_gmt":"2025-02-15T17:11:58","guid":{"rendered":"https:\/\/churerdeutsch.ch\/?page_id=73"},"modified":"2025-03-02T17:45:19","modified_gmt":"2025-03-02T16:45:19","slug":"publikationen","status":"publish","type":"page","link":"https:\/\/churerdeutsch.ch\/?page_id=73","title":{"rendered":"Eigene Publikationen"},"content":{"rendered":"\n<div class=\"wp-block-media-text alignwide is-stacked-on-mobile has-medium-font-size\" style=\"grid-template-columns:33% auto\"><figure class=\"wp-block-media-text__media\"><img loading=\"lazy\" decoding=\"async\" width=\"212\" height=\"300\" src=\"https:\/\/churerdeutsch.ch\/wp-content\/uploads\/2025\/02\/image-212x300.jpg\" alt=\"\" class=\"wp-image-18 size-medium\" srcset=\"https:\/\/churerdeutsch.ch\/wp-content\/uploads\/2025\/02\/image-212x300.jpg 212w, https:\/\/churerdeutsch.ch\/wp-content\/uploads\/2025\/02\/image.jpg 326w\" sizes=\"auto, (max-width: 212px) 100vw, 212px\" \/><\/figure><div class=\"wp-block-media-text__content\">\n<p><a href=\"https:\/\/churerdeutsch.ch\/?page_id=137\" data-type=\"page\" data-id=\"137\">Alemannisch im Churer Rheintal<\/a><\/p>\n<\/div><\/div>\n\n\n\n<div class=\"wp-block-media-text alignwide has-media-on-the-right is-stacked-on-mobile\" style=\"grid-template-columns:auto 32%\"><div class=\"wp-block-media-text__content\">\n<p><a href=\"https:\/\/churerdeutsch.ch\/?page_id=141\" data-type=\"page\" data-id=\"141\">Alemannisch in der Rumantschia<\/a><\/p>\n<\/div><figure class=\"wp-block-media-text__media\"><img loading=\"lazy\" decoding=\"async\" width=\"725\" height=\"1024\" src=\"https:\/\/churerdeutsch.ch\/wp-content\/uploads\/2025\/02\/alemannisch-in-der-rumantschia-pdf-oscar-eckhardt-725x1024.webp\" alt=\"\" class=\"wp-image-132 size-full\" srcset=\"https:\/\/churerdeutsch.ch\/wp-content\/uploads\/2025\/02\/alemannisch-in-der-rumantschia-pdf-oscar-eckhardt-725x1024.webp 725w, https:\/\/churerdeutsch.ch\/wp-content\/uploads\/2025\/02\/alemannisch-in-der-rumantschia-pdf-oscar-eckhardt-212x300.webp 212w, https:\/\/churerdeutsch.ch\/wp-content\/uploads\/2025\/02\/alemannisch-in-der-rumantschia-pdf-oscar-eckhardt-768x1085.webp 768w, https:\/\/churerdeutsch.ch\/wp-content\/uploads\/2025\/02\/alemannisch-in-der-rumantschia-pdf-oscar-eckhardt-1087x1536.webp 1087w, https:\/\/churerdeutsch.ch\/wp-content\/uploads\/2025\/02\/alemannisch-in-der-rumantschia-pdf-oscar-eckhardt.webp 1416w\" sizes=\"auto, (max-width: 725px) 100vw, 725px\" \/><\/figure><\/div>\n\n\n\n<div class=\"wp-block-media-text alignwide is-stacked-on-mobile\" style=\"grid-template-columns:39% auto\"><figure class=\"wp-block-media-text__media\"><img loading=\"lazy\" decoding=\"async\" width=\"540\" height=\"598\" src=\"https:\/\/churerdeutsch.ch\/wp-content\/uploads\/2025\/02\/Vilaterlai.jpeg\" alt=\"\" class=\"wp-image-134 size-full\" srcset=\"https:\/\/churerdeutsch.ch\/wp-content\/uploads\/2025\/02\/Vilaterlai.jpeg 540w, https:\/\/churerdeutsch.ch\/wp-content\/uploads\/2025\/02\/Vilaterlai-271x300.jpeg 271w\" sizes=\"auto, (max-width: 540px) 100vw, 540px\" \/><\/figure><div class=\"wp-block-media-text__content\">\n<p><a href=\"https:\/\/churerdeutsch.ch\/?page_id=144\" data-type=\"page\" data-id=\"144\">VILATERLAI. Churer Bilder und Geschichten<\/a><\/p>\n<\/div><\/div>\n\n\n\n<div class=\"wp-block-media-text alignwide has-media-on-the-right is-stacked-on-mobile\" style=\"grid-template-columns:auto 43%\"><div class=\"wp-block-media-text__content\">\n<p>Tschent &#8211; Churerdeutsch<\/p>\n<\/div><figure class=\"wp-block-media-text__media\"><img loading=\"lazy\" decoding=\"async\" width=\"418\" height=\"324\" src=\"https:\/\/churerdeutsch.ch\/wp-content\/uploads\/2025\/02\/image-3.jpg\" alt=\"\" class=\"wp-image-39 size-full\" srcset=\"https:\/\/churerdeutsch.ch\/wp-content\/uploads\/2025\/02\/image-3.jpg 418w, https:\/\/churerdeutsch.ch\/wp-content\/uploads\/2025\/02\/image-3-300x233.jpg 300w\" sizes=\"auto, (max-width: 418px) 100vw, 418px\" \/><\/figure><\/div>\n\n\n\n<div class=\"wp-block-media-text alignwide is-stacked-on-mobile\" style=\"grid-template-columns:32% auto\"><figure class=\"wp-block-media-text__media\"><img loading=\"lazy\" decoding=\"async\" width=\"229\" height=\"361\" src=\"https:\/\/churerdeutsch.ch\/wp-content\/uploads\/2025\/02\/image-3-1.jpg\" alt=\"\" class=\"wp-image-161 size-full\" srcset=\"https:\/\/churerdeutsch.ch\/wp-content\/uploads\/2025\/02\/image-3-1.jpg 229w, https:\/\/churerdeutsch.ch\/wp-content\/uploads\/2025\/02\/image-3-1-190x300.jpg 190w\" sizes=\"auto, (max-width: 229px) 100vw, 229px\" \/><\/figure><div class=\"wp-block-media-text__content\">\n<p><a href=\"https:\/\/churerdeutsch.ch\/?page_id=148\" data-type=\"page\" data-id=\"148\">Die Mundart der Stadt Chur<\/a><\/p>\n<\/div><\/div>\n\n\n\n<div class=\"wp-block-media-text alignwide has-media-on-the-right is-stacked-on-mobile\" style=\"grid-template-columns:auto 45%\"><div class=\"wp-block-media-text__content\">\n<p><a href=\"https:\/\/churerdeutsch.ch\/?page_id=150\" data-type=\"page\" data-id=\"150\">W\u00f6rtertrugga<\/a><\/p>\n<\/div><figure class=\"wp-block-media-text__media\"><img loading=\"lazy\" decoding=\"async\" width=\"1017\" height=\"766\" src=\"https:\/\/churerdeutsch.ch\/wp-content\/uploads\/2025\/02\/Trugga.jpeg\" alt=\"\" class=\"wp-image-154 size-full\" srcset=\"https:\/\/churerdeutsch.ch\/wp-content\/uploads\/2025\/02\/Trugga.jpeg 1017w, https:\/\/churerdeutsch.ch\/wp-content\/uploads\/2025\/02\/Trugga-300x226.jpeg 300w, https:\/\/churerdeutsch.ch\/wp-content\/uploads\/2025\/02\/Trugga-768x578.jpeg 768w\" sizes=\"auto, (max-width: 1017px) 100vw, 1017px\" \/><\/figure><\/div>\n\n\n\n<div class=\"wp-block-media-text alignwide is-stacked-on-mobile\" style=\"grid-template-columns:32% auto\"><figure class=\"wp-block-media-text__media\"><img loading=\"lazy\" decoding=\"async\" width=\"186\" height=\"267\" src=\"https:\/\/churerdeutsch.ch\/wp-content\/uploads\/2025\/02\/image-1.jpg\" alt=\"\" class=\"wp-image-135 size-full\"\/><\/figure><div class=\"wp-block-media-text__content\">\n<p><a href=\"https:\/\/churerdeutsch.ch\/?page_id=152\" data-type=\"page\" data-id=\"152\">gsait isch gsait<\/a><\/p>\n<\/div><\/div>\n\n\n\n<div class=\"wp-block-media-text alignwide has-media-on-the-right is-stacked-on-mobile\" style=\"grid-template-columns:auto 42%\"><div class=\"wp-block-media-text__content\">\n<p>Gesamtwerk Josef Hug<\/p>\n<\/div><figure class=\"wp-block-media-text__media\"><img loading=\"lazy\" decoding=\"async\" width=\"270\" height=\"203\" src=\"https:\/\/churerdeutsch.ch\/wp-content\/uploads\/2025\/02\/image-2.jpg\" alt=\"\" class=\"wp-image-136 size-full\"\/><\/figure><\/div>\n\n\n\n<div class=\"wp-block-media-text alignwide is-stacked-on-mobile\" style=\"grid-template-columns:32% auto\"><figure class=\"wp-block-media-text__media\"><img loading=\"lazy\" decoding=\"async\" width=\"877\" height=\"1024\" src=\"https:\/\/churerdeutsch.ch\/wp-content\/uploads\/2025\/02\/Chur-Bahngleise-877x1024.jpeg\" alt=\"\" class=\"wp-image-29 size-full\" srcset=\"https:\/\/churerdeutsch.ch\/wp-content\/uploads\/2025\/02\/Chur-Bahngleise-877x1024.jpeg 877w, https:\/\/churerdeutsch.ch\/wp-content\/uploads\/2025\/02\/Chur-Bahngleise-257x300.jpeg 257w, https:\/\/churerdeutsch.ch\/wp-content\/uploads\/2025\/02\/Chur-Bahngleise-768x897.jpeg 768w, https:\/\/churerdeutsch.ch\/wp-content\/uploads\/2025\/02\/Chur-Bahngleise-1315x1536.jpeg 1315w, https:\/\/churerdeutsch.ch\/wp-content\/uploads\/2025\/02\/Chur-Bahngleise-1753x2048.jpeg 1753w\" sizes=\"auto, (max-width: 877px) 100vw, 877px\" \/><\/figure><div class=\"wp-block-media-text__content\">\n<p>Verparadigmen<\/p>\n<\/div><\/div>\n\n\n\n<div class=\"wp-block-media-text alignwide has-media-on-the-right is-stacked-on-mobile\" style=\"grid-template-columns:auto 49%\"><div class=\"wp-block-media-text__content\">\n<p><a href=\"https:\/\/churerdeutsch.ch\/?page_id=157\" data-type=\"page\" data-id=\"157\">Khamm, Schtr\u00e4\u00e4l, B\u00fcrschta<\/a><\/p>\n<\/div><figure class=\"wp-block-media-text__media\"><img loading=\"lazy\" decoding=\"async\" width=\"1024\" height=\"597\" src=\"https:\/\/churerdeutsch.ch\/wp-content\/uploads\/2025\/02\/Haarkamm_und_Haarbuerste_Set_viel_Haar.png-1024x597.webp\" alt=\"\" class=\"wp-image-159 size-full\" srcset=\"https:\/\/churerdeutsch.ch\/wp-content\/uploads\/2025\/02\/Haarkamm_und_Haarbuerste_Set_viel_Haar.png-1024x597.webp 1024w, https:\/\/churerdeutsch.ch\/wp-content\/uploads\/2025\/02\/Haarkamm_und_Haarbuerste_Set_viel_Haar.png-300x175.webp 300w, https:\/\/churerdeutsch.ch\/wp-content\/uploads\/2025\/02\/Haarkamm_und_Haarbuerste_Set_viel_Haar.png-768x448.webp 768w, https:\/\/churerdeutsch.ch\/wp-content\/uploads\/2025\/02\/Haarkamm_und_Haarbuerste_Set_viel_Haar.png.webp 1200w\" sizes=\"auto, (max-width: 1024px) 100vw, 1024px\" \/><\/figure><\/div>\n\n\n\n<div class=\"wp-block-media-text alignwide is-stacked-on-mobile\" style=\"grid-template-columns:32% auto\"><figure class=\"wp-block-media-text__media\"><img loading=\"lazy\" decoding=\"async\" width=\"877\" height=\"1024\" src=\"https:\/\/churerdeutsch.ch\/wp-content\/uploads\/2025\/02\/Chur-Bahngleise-877x1024.jpeg\" alt=\"\" class=\"wp-image-29 size-full\" srcset=\"https:\/\/churerdeutsch.ch\/wp-content\/uploads\/2025\/02\/Chur-Bahngleise-877x1024.jpeg 877w, https:\/\/churerdeutsch.ch\/wp-content\/uploads\/2025\/02\/Chur-Bahngleise-257x300.jpeg 257w, https:\/\/churerdeutsch.ch\/wp-content\/uploads\/2025\/02\/Chur-Bahngleise-768x897.jpeg 768w, https:\/\/churerdeutsch.ch\/wp-content\/uploads\/2025\/02\/Chur-Bahngleise-1315x1536.jpeg 1315w, https:\/\/churerdeutsch.ch\/wp-content\/uploads\/2025\/02\/Chur-Bahngleise-1753x2048.jpeg 1753w\" sizes=\"auto, (max-width: 877px) 100vw, 877px\" \/><\/figure><div class=\"wp-block-media-text__content\">\n<p><a href=\"https:\/\/churerdeutsch.ch\/?page_id=332\" data-type=\"page\" data-id=\"332\">Sprachwandel in Chur (Seminararbeit)<\/a><\/p>\n<\/div><\/div>\n\n\n\n<div class=\"wp-block-media-text alignwide has-media-on-the-right is-stacked-on-mobile\" style=\"grid-template-columns:auto 32%\"><div class=\"wp-block-media-text__content\">\n<p>Diverse Texte<\/p>\n<\/div><figure class=\"wp-block-media-text__media\"><img loading=\"lazy\" decoding=\"async\" width=\"877\" height=\"1024\" src=\"https:\/\/churerdeutsch.ch\/wp-content\/uploads\/2025\/02\/Chur-Bahngleise-877x1024.jpeg\" alt=\"\" class=\"wp-image-29 size-full\" srcset=\"https:\/\/churerdeutsch.ch\/wp-content\/uploads\/2025\/02\/Chur-Bahngleise-877x1024.jpeg 877w, https:\/\/churerdeutsch.ch\/wp-content\/uploads\/2025\/02\/Chur-Bahngleise-257x300.jpeg 257w, https:\/\/churerdeutsch.ch\/wp-content\/uploads\/2025\/02\/Chur-Bahngleise-768x897.jpeg 768w, https:\/\/churerdeutsch.ch\/wp-content\/uploads\/2025\/02\/Chur-Bahngleise-1315x1536.jpeg 1315w, https:\/\/churerdeutsch.ch\/wp-content\/uploads\/2025\/02\/Chur-Bahngleise-1753x2048.jpeg 1753w\" sizes=\"auto, (max-width: 877px) 100vw, 877px\" \/><\/figure><\/div>\n","protected":false},"excerpt":{"rendered":"<p>Alemannisch im Churer Rheintal Alemannisch in der Rumantschia VILATERLAI. Churer Bilder und Geschichten Tschent &#8211; Churerdeutsch Die Mundart der Stadt Chur W\u00f6rtertrugga gsait isch gsait Gesamtwerk Josef Hug Verparadigmen Khamm, Schtr\u00e4\u00e4l, B\u00fcrschta Sprachwandel in Chur (Seminararbeit) Diverse Texte<\/p>\n","protected":false},"author":2,"featured_media":0,"parent":0,"menu_order":20,"comment_status":"closed","ping_status":"closed","template":"","meta":{"footnotes":""},"class_list":["post-73","page","type-page","status-publish","hentry"],"_links":{"self":[{"href":"https:\/\/churerdeutsch.ch\/index.php?rest_route=\/wp\/v2\/pages\/73","targetHints":{"allow":["GET"]}}],"collection":[{"href":"https:\/\/churerdeutsch.ch\/index.php?rest_route=\/wp\/v2\/pages"}],"about":[{"href":"https:\/\/churerdeutsch.ch\/index.php?rest_route=\/wp\/v2\/types\/page"}],"author":[{"embeddable":true,"href":"https:\/\/churerdeutsch.ch\/index.php?rest_route=\/wp\/v2\/users\/2"}],"replies":[{"embeddable":true,"href":"https:\/\/churerdeutsch.ch\/index.php?rest_route=%2Fwp%2Fv2%2Fcomments&post=73"}],"version-history":[{"count":16,"href":"https:\/\/churerdeutsch.ch\/index.php?rest_route=\/wp\/v2\/pages\/73\/revisions"}],"predecessor-version":[{"id":335,"href":"https:\/\/churerdeutsch.ch\/index.php?rest_route=\/wp\/v2\/pages\/73\/revisions\/335"}],"wp:attachment":[{"href":"https:\/\/churerdeutsch.ch\/index.php?rest_route=%2Fwp%2Fv2%2Fmedia&parent=73"}],"curies":[{"name":"wp","href":"https:\/\/api.w.org\/{rel}","templated":true}]}}