{"id":64,"date":"2025-02-15T17:56:08","date_gmt":"2025-02-15T16:56:08","guid":{"rendered":"https:\/\/churerdeutsch.ch\/?page_id=64"},"modified":"2025-03-05T07:18:17","modified_gmt":"2025-03-05T06:18:17","slug":"links","status":"publish","type":"page","link":"https:\/\/churerdeutsch.ch\/?page_id=64","title":{"rendered":"Links und Services"},"content":{"rendered":"\n<h4 class=\"wp-block-heading\">Sprachlinks<\/h4>\n\n\n\n<p>Tonbeispiele zur den B\u00fcnder Dialekten<br><a href=\"https:\/\/kulturforschung.ch\/tonbeispiele\" data-type=\"URL\" data-id=\"https:\/\/kulturforschung.ch\/tonbeispiele\">https:\/\/kulturforschung.ch\/tonbeispiele<\/a><\/p>\n\n\n\n<p>Texte zur Mehrsprachigkeit<br><a href=\"https:\/\/kulturforschung.ch\/publikationen\/texte-zur-mehrsprachigkeit\" data-type=\"URL\" data-id=\"https:\/\/kulturforschung.ch\/publikationen\/texte-zur-mehrsprachigkeit\">https:\/\/kulturforschung.ch\/publikationen\/texte-zur-mehrsprachigkeit<\/a><\/p>\n\n\n\n<p>Offizielle Seite zur B\u00fcndner Dreisprachigkeit<br><a href=\"https:\/\/www.gr.ch\/DE\/institutionen\/verwaltung\/ekud\/afk\/dienstleistungen\/Kultur-%20und%20Sprachenf\u00f6rderung\/Seiten\/default.aspx\">https:\/\/www.gr.ch\/DE\/institutionen\/verwaltung\/ekud\/afk\/dienstleistungen\/Kultur-%20und%20Sprachenf\u00f6rderung\/Seiten\/default.aspx<\/a><\/p>\n\n\n\n<p>Chochich\u00e4stli-Orakel<br><a rel=\"noreferrer noopener\" href=\"http:\/\/dialects.from.ch\/\" target=\"_blank\">http:\/\/dialects.from.ch\/<\/a><\/p>\n\n\n\n<p>Muettersproch-Gsellschaft<br><a rel=\"noreferrer noopener\" href=\"http:\/\/www.schweizer-dialekte.ch\/auswertung.php\" target=\"_blank\">https:\/\/www.alemannisch.de<\/a><\/p>\n\n\n\n<p>Atlas zur deutschen Alltagssprache<br><a rel=\"noreferrer noopener\" href=\"http:\/\/www.philhist.uni-augsburg.de\/de\/lehrstuehle\/germanistik\/sprachwissenschaft\/ada\/\" target=\"_blank\">http:\/\/www.philhist.uni-augsburg.de\/de\/lehrstuehle\/germanistik\/sprachwissenschaft\/ada\/<\/a><\/p>\n\n\n\n<p>Projekte beim Schweizerischen Idiotikon<br><a href=\"https:\/\/www.idiotikon.ch\/projekte\" data-type=\"URL\" data-id=\"https:\/\/www.idiotikon.ch\/projekte\">https:\/\/www.idiotikon.ch\/projekte<\/a><\/p>\n\n\n\n<figure class=\"wp-block-image size-large\"><img loading=\"lazy\" decoding=\"async\" width=\"1024\" height=\"768\" src=\"https:\/\/churerdeutsch.ch\/wp-content\/uploads\/2025\/02\/Cbhur-vom-Calanda-aus-1024x768.jpg\" alt=\"\" class=\"wp-image-25\" srcset=\"https:\/\/churerdeutsch.ch\/wp-content\/uploads\/2025\/02\/Cbhur-vom-Calanda-aus-1024x768.jpg 1024w, https:\/\/churerdeutsch.ch\/wp-content\/uploads\/2025\/02\/Cbhur-vom-Calanda-aus-300x225.jpg 300w, https:\/\/churerdeutsch.ch\/wp-content\/uploads\/2025\/02\/Cbhur-vom-Calanda-aus-768x576.jpg 768w, https:\/\/churerdeutsch.ch\/wp-content\/uploads\/2025\/02\/Cbhur-vom-Calanda-aus-1536x1152.jpg 1536w, https:\/\/churerdeutsch.ch\/wp-content\/uploads\/2025\/02\/Cbhur-vom-Calanda-aus-2048x1536.jpg 2048w\" sizes=\"auto, (max-width: 1024px) 100vw, 1024px\" \/><figcaption class=\"wp-element-caption\">Chur vom Zielhang des Calandas aus. (Foto Oscar Eckhardt)<\/figcaption><\/figure>\n\n\n\n<h4 class=\"wp-block-heading\" id=\"cc-m-header-3463052351\">W\u00f6rterb\u00fccher und Institutionen<\/h4>\n\n\n\n<p>W\u00f6rterbuchnetz<br><a href=\"https:\/\/www.woerterbuchnetz.de\">https:\/\/www.woerterbuchnetz.de<\/a><\/p>\n\n\n\n<p>Schweizerisches Idiotikon<br><a href=\"https:\/\/www.idiotikon.ch\" data-type=\"URL\" data-id=\"https:\/\/www.idiotikon.ch\">https:\/\/www.idiotikon.ch<\/a><\/p>\n\n\n\n<p>W\u00f6rterb\u00fccher zum R\u00e4toromanischen<br><a href=\"https:\/\/www.pledarigrond.ch\/rumantschgrischun\" data-type=\"URL\" data-id=\"https:\/\/www.pledarigrond.ch\/rumantschgrischun\">https:\/\/www.pledarigrond.ch\/rumantschgrischun<\/a><\/p>\n\n\n\n<p>SIL Global (Summer Institute of Linguistics)<br><a href=\"https:\/\/www.sil.org\" data-type=\"URL\" data-id=\"https:\/\/www.sil.org\">https:\/\/www.sil.org<\/a><\/p>\n\n\n\n<p>Schweizerdeutsches W\u00f6rterbuch<br><a href=\"https:\/\/www.idiotikon.ch\" data-type=\"URL\" data-id=\"https:\/\/www.idiotikon.ch\">https:\/\/www.idiotikon.ch<\/a><\/p>\n\n\n\n<p>Institut f\u00fcr Kulturforschung Graub\u00fcnden<br><a href=\"https:\/\/kulturforschung.ch\">https:\/\/kulturforschung.ch<\/a><\/p>\n\n\n\n<p>Dicziunari Rumantsch Grischun<br><a href=\"https:\/\/drg.ch\" data-type=\"URL\" data-id=\"https:\/\/drg.ch\">https:\/\/drg.ch<\/a><\/p>\n\n\n\n<p>Osservatorio linguistico della Svizzera italiana<br><a href=\"https:\/\/www4.ti.ch\/decs\/dcsu\/olsi\/olsi\" data-type=\"URL\" data-id=\"https:\/\/www4.ti.ch\/decs\/dcsu\/olsi\/olsi\">https:\/\/www4.ti.ch\/decs\/dcsu\/olsi\/olsi<\/a><\/p>\n\n\n\n<p>Glossaire des patois de la Suisse romande<br><a href=\"https:\/\/www.unine.ch\/isla\/glossaire-des-patois-de-la-suisse-romande-gpsr\/\" data-type=\"URL\" data-id=\"https:\/\/www.unine.ch\/isla\/glossaire-des-patois-de-la-suisse-romande-gpsr\/\">https:\/\/www.unine.ch\/isla\/glossaire-des-patois-de-la-suisse-romande-gpsr\/<\/a><\/p>\n","protected":false},"excerpt":{"rendered":"<p>Sprachlinks Tonbeispiele zur den B\u00fcnder Dialektenhttps:\/\/kulturforschung.ch\/tonbeispiele Texte zur Mehrsprachigkeithttps:\/\/kulturforschung.ch\/publikationen\/texte-zur-mehrsprachigkeit Offizielle Seite zur B\u00fcndner Dreisprachigkeithttps:\/\/www.gr.ch\/DE\/institutionen\/verwaltung\/ekud\/afk\/dienstleistungen\/Kultur-%20und%20Sprachenf\u00f6rderung\/Seiten\/default.aspx Chochich\u00e4stli-Orakelhttp:\/\/dialects.from.ch\/ Muettersproch-Gsellschafthttps:\/\/www.alemannisch.de Atlas zur deutschen Alltagssprachehttp:\/\/www.philhist.uni-augsburg.de\/de\/lehrstuehle\/germanistik\/sprachwissenschaft\/ada\/ Projekte beim Schweizerischen Idiotikonhttps:\/\/www.idiotikon.ch\/projekte W\u00f6rterb\u00fccher und Institutionen W\u00f6rterbuchnetzhttps:\/\/www.woerterbuchnetz.de Schweizerisches Idiotikonhttps:\/\/www.idiotikon.ch W\u00f6rterb\u00fccher zum R\u00e4toromanischenhttps:\/\/www.pledarigrond.ch\/rumantschgrischun SIL Global (Summer Institute of Linguistics)https:\/\/www.sil.org Schweizerdeutsches W\u00f6rterbuchhttps:\/\/www.idiotikon.ch Institut f\u00fcr Kulturforschung Graub\u00fcndenhttps:\/\/kulturforschung.ch Dicziunari Rumantsch Grischunhttps:\/\/drg.ch Osservatorio linguistico della Svizzera italianahttps:\/\/www4.ti.ch\/decs\/dcsu\/olsi\/olsi Glossaire des [&hellip;]<\/p>\n","protected":false},"author":2,"featured_media":0,"parent":0,"menu_order":60,"comment_status":"closed","ping_status":"closed","template":"","meta":{"footnotes":""},"class_list":["post-64","page","type-page","status-publish","hentry"],"_links":{"self":[{"href":"https:\/\/churerdeutsch.ch\/index.php?rest_route=\/wp\/v2\/pages\/64","targetHints":{"allow":["GET"]}}],"collection":[{"href":"https:\/\/churerdeutsch.ch\/index.php?rest_route=\/wp\/v2\/pages"}],"about":[{"href":"https:\/\/churerdeutsch.ch\/index.php?rest_route=\/wp\/v2\/types\/page"}],"author":[{"embeddable":true,"href":"https:\/\/churerdeutsch.ch\/index.php?rest_route=\/wp\/v2\/users\/2"}],"replies":[{"embeddable":true,"href":"https:\/\/churerdeutsch.ch\/index.php?rest_route=%2Fwp%2Fv2%2Fcomments&post=64"}],"version-history":[{"count":10,"href":"https:\/\/churerdeutsch.ch\/index.php?rest_route=\/wp\/v2\/pages\/64\/revisions"}],"predecessor-version":[{"id":339,"href":"https:\/\/churerdeutsch.ch\/index.php?rest_route=\/wp\/v2\/pages\/64\/revisions\/339"}],"wp:attachment":[{"href":"https:\/\/churerdeutsch.ch\/index.php?rest_route=%2Fwp%2Fv2%2Fmedia&parent=64"}],"curies":[{"name":"wp","href":"https:\/\/api.w.org\/{rel}","templated":true}]}}