{"id":351,"date":"2025-03-03T16:49:28","date_gmt":"2025-03-03T15:49:28","guid":{"rendered":"https:\/\/churerdeutsch.ch\/?page_id=351"},"modified":"2025-05-26T12:43:33","modified_gmt":"2025-05-26T10:43:33","slug":"zum-autor-dieser-website","status":"publish","type":"page","link":"https:\/\/churerdeutsch.ch\/?page_id=351","title":{"rendered":"Zum Autor dieser Website"},"content":{"rendered":"\n<p>Diese Website wurde von Oscar Eckhardt erstellt.<\/p>\n\n\n\n<h5 class=\"wp-block-heading\">Lebenslauf<\/h5>\n\n\n\n<p>Geboren 1960, aufgewachsen in Chur.<\/p>\n\n\n\n<p>Studium der Germanistik, Italienischen Sprachwissenschaft und Medienwissenschaft an der Universit\u00e4t Z\u00fcrich.<\/p>\n\n\n\n<p>1991: Promotion in Germanistik an der Universit\u00e4t Z\u00fcrich bei Prof. Dr. Dr. h.c. mult. Stefan Sonderegger mit einer strukturalistischen Arbeit zur Mundart der Stadt Chur.<\/p>\n\n\n\n<p>Master of Advanced Studies in Secondary and Higher Education.<\/p>\n\n\n\n<p>Arbeit als Redaktor und Dienstchef beim B\u00fcndner Tagblatt, als Gymnasiallehrer am Lyceum Alpinum in Zuoz, an der Schweizer Schule in Mailand und vor allem an der B\u00fcndner Kantonsschule; Dozent an der Schule f\u00fcr Angewandte Linguistik und an der Universit\u00e4t Basel. Daneben freischaffender Publizist, Buchautor und \u00dcbersetzer.<\/p>\n\n\n\n<p>Von 2010 bis 2022: Linguist und Projektleiter an der P\u00e4dagogischen Hochschule Graub\u00fcnden.<\/p>\n\n\n\n<p>Von 2010 bis 2024: Linguist \/ Senior Researcher am Institut f\u00fcr Kulturforschung Graub\u00fcnden.<\/p>\n\n\n\n<p>Von Juni 2023 bis April 2024 Institutsleiter a.i. beim Institut f\u00fcr Kulturforschung.<\/p>\n\n\n\n<p>Seit Mai 2024 in einer Art Ruhestand.<\/p>\n\n\n\n<h5 class=\"wp-block-heading\">Sprachdienstleistungen<\/h5>\n\n\n\n<p>Oscar Eckhardt ist Alleininhaber der Firma &#171;Dr. Oscar Eckhardt, Sprachdienstleistungen&#187;, wo er vor allem sprachwissenschaftliche Dissertationen korrigiert und auch lektoriert. Er kann f\u00fcr Vortr\u00e4ge zu verschiedenen sprachwissenschaftlichen Themen gebucht werden. Gerne liest er auch seine Texte in der Churer Mundart vor.<\/p>\n","protected":false},"excerpt":{"rendered":"<p>Diese Website wurde von Oscar Eckhardt erstellt. Lebenslauf Geboren 1960, aufgewachsen in Chur. Studium der Germanistik, Italienischen Sprachwissenschaft und Medienwissenschaft an der Universit\u00e4t Z\u00fcrich. 1991: Promotion in Germanistik an der Universit\u00e4t Z\u00fcrich bei Prof. Dr. Dr. h.c. mult. Stefan Sonderegger mit einer strukturalistischen Arbeit zur Mundart der Stadt Chur. Master of Advanced Studies in Secondary [&hellip;]<\/p>\n","protected":false},"author":2,"featured_media":0,"parent":64,"menu_order":62,"comment_status":"closed","ping_status":"closed","template":"","meta":{"footnotes":""},"class_list":["post-351","page","type-page","status-publish","hentry"],"_links":{"self":[{"href":"https:\/\/churerdeutsch.ch\/index.php?rest_route=\/wp\/v2\/pages\/351","targetHints":{"allow":["GET"]}}],"collection":[{"href":"https:\/\/churerdeutsch.ch\/index.php?rest_route=\/wp\/v2\/pages"}],"about":[{"href":"https:\/\/churerdeutsch.ch\/index.php?rest_route=\/wp\/v2\/types\/page"}],"author":[{"embeddable":true,"href":"https:\/\/churerdeutsch.ch\/index.php?rest_route=\/wp\/v2\/users\/2"}],"replies":[{"embeddable":true,"href":"https:\/\/churerdeutsch.ch\/index.php?rest_route=%2Fwp%2Fv2%2Fcomments&post=351"}],"version-history":[{"count":4,"href":"https:\/\/churerdeutsch.ch\/index.php?rest_route=\/wp\/v2\/pages\/351\/revisions"}],"predecessor-version":[{"id":463,"href":"https:\/\/churerdeutsch.ch\/index.php?rest_route=\/wp\/v2\/pages\/351\/revisions\/463"}],"up":[{"embeddable":true,"href":"https:\/\/churerdeutsch.ch\/index.php?rest_route=\/wp\/v2\/pages\/64"}],"wp:attachment":[{"href":"https:\/\/churerdeutsch.ch\/index.php?rest_route=%2Fwp%2Fv2%2Fmedia&parent=351"}],"curies":[{"name":"wp","href":"https:\/\/api.w.org\/{rel}","templated":true}]}}