{"id":225,"date":"2025-02-18T21:20:52","date_gmt":"2025-02-18T20:20:52","guid":{"rendered":"https:\/\/churerdeutsch.ch\/?page_id=225"},"modified":"2025-03-10T15:14:50","modified_gmt":"2025-03-10T14:14:50","slug":"publikationen-zum-churerdialekt","status":"publish","type":"page","link":"https:\/\/churerdeutsch.ch\/?page_id=225","title":{"rendered":"Publikationen zum Churerdialekt"},"content":{"rendered":"\n<p>Der Churerdialekt ist in der Forschung leider noch nicht mit vielen Publikationen bedacht worden. Die folgenden Links verweisen deshalb mehrheitlich auf eigene Arbeiten. \ud83d\ude03 Die Publikationen sind nach Publikationsjahr geordnet.<\/p>\n\n\n\n<p><a href=\"https:\/\/kulturforschung.ch\/ueber-die-sprachgeschichte-von-chur\">R<strong>obert von Planta (1931): \u00dcber die Sprachgeschichte von Chur.<\/strong><\/a><br>Eine \u00e4ltere Sprachgeschichte, die vor allem das Churerromanisch und den \u00dcbergang zum Alemannischen thematisiert.<\/p>\n\n\n\n<p><strong>Rudolf Hotzenk\u00f6cherle (1943):&nbsp;B\u00fcndnerische Verbalformengeographie. Ein Beitrag zur Kenntnis der Struktur der deutschb\u00fcndnerischen Sprachlandschaft. <\/strong>In: \u201eSache, Ort und Wort\u201c, Festschrift Jakob Jud (Romanica Helvetica. 20), 486\u2013543.<br>Ein Aufsatz, in dem die Churer Verbformen im Vergleich mit den anderen Verbformen in Graub\u00fcnden dargestellt werden.<\/p>\n\n\n\n<p><strong>Paul Zinsli (1970): Churerdeutsch und Churerart.<\/strong> In: Chur. Sammlung \u201eSt\u00e4dte und Landschaften der Schweiz\u201c. Genf: Editions G\u00e9n\u00e9rales \/ Benjamin Laederer, 171\u2013184.<br>Ein in lockerem Ton verfasster Artikel zum Churerdialekt, der erstmals einige Aspekte der Churer Mundart herausarbeitet.<\/p>\n\n\n\n<p><a href=\"https:\/\/www.e-periodica.ch\/digbib\/view?pid=bmb-002%3A1976%3A0%3A%3A309&amp;referrer=search#309\" data-type=\"URL\" data-id=\"https:\/\/www.e-periodica.ch\/digbib\/view?pid=bmb-002%3A1976%3A0%3A%3A309&amp;referrer=search#309\"><strong>Christian Erni (1975): Zur Sprachgeschichte von Chur. Vermutungen, Nachweise, Exkurse.<\/strong><\/a><\/p>\n\n\n\n<p><strong>Walter Schmid (1980. 2. Aufl.): Curia, Haubdstatt der Rhetier und Grisonen.<\/strong><br>In: Schweizer Dialekte. 2. Auflage. Zwanzig deutschschweizerische Mundarten, portraitiert von Kennern und Liebhabern. Mit einem Nachwort von Dr. Rudlof Trieb. Eingeleitet und herausgegeben von Robert B. Christ.<br>Springer Basel AG<\/p>\n\n\n\n<p><strong><a href=\"https:\/\/churerdeutsch.ch\/?page_id=332\" data-type=\"page\" data-id=\"332\">Oscar Eckhardt (1983): Sprachwandel in Chur(Seminararbeit)<\/a><\/strong><br>Ein erster Versuch, die Daten des SDS mit der 1983 aktuellen Mundart verschiedener Generationen zu kontrastieren.<\/p>\n\n\n\n<p><a href=\"https:\/\/churerdeutsch.ch\/?page_id=148\" data-type=\"page\" data-id=\"148\">O<strong>scar Eckhardt (1991): Die Mundart der Stadt Chur<\/strong><\/a><br>Eine sturkuralistisch-phonologische Arbeit vor allem zum Vokalsystem der Churer Mundart aus dem Jahre 1991.<\/p>\n\n\n\n<p><a href=\"https:\/\/churerdeutsch.ch\/wp-content\/uploads\/2025\/03\/val-003_2005_0__448_d.pdf\" data-type=\"attachment\" data-id=\"390\"><strong>Regula Cathomas \/ Matthias Gr\u00fcnert \/ Mathias Picenoni (2005): Chur \u2013 Hauptstadt des dreisprachigen Kantons Graub\u00fcnden.<\/strong><\/a><br>Darstellung der Dreisprachigkeit Churs aufgrund der Daten der Volksz\u00e4hlung aus dem Jahr 2000.<\/p>\n\n\n\n<p><a href=\"https:\/\/churerdeutsch.ch\/?page_id=146\" data-type=\"page\" data-id=\"146\"><strong>Oscar Eckhardt (2009): Tschent &#8211; Churerdeutsch<\/strong><\/a><br>Eine popul\u00e4rwissenschaftliche Darstellung der Churer Mundart mit einem kleinen W\u00f6rterbuch.<\/p>\n\n\n\n<p><a href=\"https:\/\/churerdeutsch.ch\/wp-content\/uploads\/2025\/03\/Woerterliste-Churerdeutsch-Graf.pdf\" data-type=\"attachment\" data-id=\"326\"><strong>Paul Strub (2011): Khurer-T\u00fctsch vu A bis Z\u00e4tt<\/strong><\/a><br>Eine private Sammlung von churerdeutschen W\u00f6rtern, 2011 der B\u00fcndner Kantonsbibliothek \u00fcbergeben.<\/p>\n\n\n\n<p><a href=\"https:\/\/churerdeutsch.ch\/?page_id=137\" data-type=\"page\" data-id=\"137\"><strong>Oscar Eckhardt (2016): Alemannisch im Churer Rheintal. Von der lokalen Variante zum Regionaldialekt.<\/strong><\/a><br>Die Studie geht der Frage nach, wie sich die Dialekte im Churer Rheintal im Lauf der Zeit ver\u00e4ndert haben und welche Rolle die Churer Stadtmundart dabei spielt.<br><\/p>\n","protected":false},"excerpt":{"rendered":"<p>Der Churerdialekt ist in der Forschung leider noch nicht mit vielen Publikationen bedacht worden. Die folgenden Links verweisen deshalb mehrheitlich auf eigene Arbeiten. \ud83d\ude03 Die Publikationen sind nach Publikationsjahr geordnet. Robert von Planta (1931): \u00dcber die Sprachgeschichte von Chur.Eine \u00e4ltere Sprachgeschichte, die vor allem das Churerromanisch und den \u00dcbergang zum Alemannischen thematisiert. Rudolf Hotzenk\u00f6cherle (1943):&nbsp;B\u00fcndnerische [&hellip;]<\/p>\n","protected":false},"author":2,"featured_media":0,"parent":44,"menu_order":12,"comment_status":"closed","ping_status":"closed","template":"","meta":{"footnotes":""},"class_list":["post-225","page","type-page","status-publish","hentry"],"_links":{"self":[{"href":"https:\/\/churerdeutsch.ch\/index.php?rest_route=\/wp\/v2\/pages\/225","targetHints":{"allow":["GET"]}}],"collection":[{"href":"https:\/\/churerdeutsch.ch\/index.php?rest_route=\/wp\/v2\/pages"}],"about":[{"href":"https:\/\/churerdeutsch.ch\/index.php?rest_route=\/wp\/v2\/types\/page"}],"author":[{"embeddable":true,"href":"https:\/\/churerdeutsch.ch\/index.php?rest_route=\/wp\/v2\/users\/2"}],"replies":[{"embeddable":true,"href":"https:\/\/churerdeutsch.ch\/index.php?rest_route=%2Fwp%2Fv2%2Fcomments&post=225"}],"version-history":[{"count":14,"href":"https:\/\/churerdeutsch.ch\/index.php?rest_route=\/wp\/v2\/pages\/225\/revisions"}],"predecessor-version":[{"id":397,"href":"https:\/\/churerdeutsch.ch\/index.php?rest_route=\/wp\/v2\/pages\/225\/revisions\/397"}],"up":[{"embeddable":true,"href":"https:\/\/churerdeutsch.ch\/index.php?rest_route=\/wp\/v2\/pages\/44"}],"wp:attachment":[{"href":"https:\/\/churerdeutsch.ch\/index.php?rest_route=%2Fwp%2Fv2%2Fmedia&parent=225"}],"curies":[{"name":"wp","href":"https:\/\/api.w.org\/{rel}","templated":true}]}}