{"id":146,"date":"2025-02-18T11:24:27","date_gmt":"2025-02-18T10:24:27","guid":{"rendered":"https:\/\/churerdeutsch.ch\/?page_id=146"},"modified":"2025-03-02T16:34:19","modified_gmt":"2025-03-02T15:34:19","slug":"tschent-churerdeutsch","status":"publish","type":"page","link":"https:\/\/churerdeutsch.ch\/?page_id=146","title":{"rendered":"Tschent &#8211; Churerdeutsch"},"content":{"rendered":"\n<figure class=\"wp-block-image size-full\"><img loading=\"lazy\" decoding=\"async\" width=\"418\" height=\"324\" src=\"https:\/\/churerdeutsch.ch\/wp-content\/uploads\/2025\/02\/image-3.jpg\" alt=\"\" class=\"wp-image-39\" srcset=\"https:\/\/churerdeutsch.ch\/wp-content\/uploads\/2025\/02\/image-3.jpg 418w, https:\/\/churerdeutsch.ch\/wp-content\/uploads\/2025\/02\/image-3-300x233.jpg 300w\" sizes=\"auto, (max-width: 418px) 100vw, 418px\" \/><figcaption class=\"wp-element-caption\">Bund mit integrierter Audio-CD. (Foto Oscar Eckhardt)<\/figcaption><\/figure>\n\n\n\n<p><\/p>\n\n\n\n<p class=\"has-large-font-size\"><strong>Das Buch ist leider vergriffen!<\/strong><\/p>\n\n\n\n<p><strong>Wer Grundlegendes und mehr \u00fcber den Churer Dialekt erfahren m\u00f6chte, kann dies jetzt in einer bibliophilen Buchausgabe nachschlagen. Dem Buch liegt eine CD bei, mit der man sich die im Buch ver\u00f6ffentlichten Geschichten auch anh\u00f6ren kann.\u00a0<\/strong><\/p>\n\n\n\n<p>Vor mehr als 30 Jahren hat der Stadtverein Chur die Brosch\u00fcre &#171;Churerdeutsch&#187; herausgegeben. Da diese seit einiger Zeit vergriffen ist, hat der Autor die Brosch\u00fcre \u00fcberarbeitet und erweitert. Neu heisst der Titel &#171;Tschent &#8211; Churerdeutsch&#187;. Ausserdem hat der Gestalter Patrick Blumenthal dem inzwischen zum Buch angewachsenen Werk eine v\u00f6llig neue Gestaltung verpasst. Ein dezenter, grauer Leineneinband kontrastiert mit den sowohl im Druck als auch im Inneneinband eingesetzten Farben. Die einzelnen Bl\u00f6cke unterscheiden sich punkto Schriften, Papier und Seitengestaltung.\u00a0<\/p>\n\n\n\n<p>Nicol\u00f2 Kr\u00e4ttli hat als junger &#171;Stadtzeichner&#187; einen eigenen Block mit Illustrationen aus dem Churer Stadtbild geschaffen, die einerseits detailgetreu, anderseits mit grossz\u00fcgigen Strichen charakteristische Ansichten darstellen.&nbsp;<\/p>\n\n\n\n<p>Gegen\u00fcber der fr\u00fcheren Ausgabe hat der Autor den Teil mit churerdeutschen &#171;Geschichten&#187; und Texten bedeutend erweitert. Unter anderem finden sich auch zwei Lieder von Walti Lietha und eine historische Darstellung von Churer Originalen im Buch. Hermann Schlapp, Hanspeter H\u00e4nni und der Autor lesen die Geschichten vor und verhelfen diesen damit zu einem Eigenleben. Ein kurzes Kapitel zeigt auf, wie die Sprache der Jenischen in der B\u00fcndner Metropole aufgenommen worden ist.&nbsp;<\/p>\n\n\n\n<p>Kern des Buches bilden das W\u00f6rterbuch mit zahlreichen churerdeutschen Ausdr\u00fccken von &#171;abaus&#187; bis &#171;Zw\u00e4tschgapalaari&#187; und die Ausf\u00fchrungen, welches die typischen Eigenschaften der Churer Mundart sind. Der Autor orientiert aber auch \u00fcber typische Fehler, m\u00f6gliche Schreibweisen und weiterf\u00fchrende Literatur.&nbsp;<\/p>\n\n\n\n<p>Tschent &#8211; Churer Deutsch&nbsp;<br>von Oscar Eckhardt mit Zeichnungen von Nicol\u00f2 Kr\u00e4ttli&nbsp;<\/p>\n\n\n\n<p>140 Seiten, Gewebeband mit Fadenheftung, mit Audio-CD&nbsp;<br>18 x 14.5 cm&nbsp;<br>Herausgeber: Stadtverein Chur&nbsp;<br>Verlag Desertina&nbsp;<br>ISBN: 978-3-85637-347-4&nbsp;<br>CHF 35.- \/ EUR 19.95&nbsp;<\/p>\n","protected":false},"excerpt":{"rendered":"<p>Das Buch ist leider vergriffen! Wer Grundlegendes und mehr \u00fcber den Churer Dialekt erfahren m\u00f6chte, kann dies jetzt in einer bibliophilen Buchausgabe nachschlagen. Dem Buch liegt eine CD bei, mit der man sich die im Buch ver\u00f6ffentlichten Geschichten auch anh\u00f6ren kann.\u00a0 Vor mehr als 30 Jahren hat der Stadtverein Chur die Brosch\u00fcre &#171;Churerdeutsch&#187; herausgegeben. Da [&hellip;]<\/p>\n","protected":false},"author":2,"featured_media":0,"parent":73,"menu_order":24,"comment_status":"closed","ping_status":"closed","template":"","meta":{"footnotes":""},"class_list":["post-146","page","type-page","status-publish","hentry"],"_links":{"self":[{"href":"https:\/\/churerdeutsch.ch\/index.php?rest_route=\/wp\/v2\/pages\/146","targetHints":{"allow":["GET"]}}],"collection":[{"href":"https:\/\/churerdeutsch.ch\/index.php?rest_route=\/wp\/v2\/pages"}],"about":[{"href":"https:\/\/churerdeutsch.ch\/index.php?rest_route=\/wp\/v2\/types\/page"}],"author":[{"embeddable":true,"href":"https:\/\/churerdeutsch.ch\/index.php?rest_route=\/wp\/v2\/users\/2"}],"replies":[{"embeddable":true,"href":"https:\/\/churerdeutsch.ch\/index.php?rest_route=%2Fwp%2Fv2%2Fcomments&post=146"}],"version-history":[{"count":3,"href":"https:\/\/churerdeutsch.ch\/index.php?rest_route=\/wp\/v2\/pages\/146\/revisions"}],"predecessor-version":[{"id":316,"href":"https:\/\/churerdeutsch.ch\/index.php?rest_route=\/wp\/v2\/pages\/146\/revisions\/316"}],"up":[{"embeddable":true,"href":"https:\/\/churerdeutsch.ch\/index.php?rest_route=\/wp\/v2\/pages\/73"}],"wp:attachment":[{"href":"https:\/\/churerdeutsch.ch\/index.php?rest_route=%2Fwp%2Fv2%2Fmedia&parent=146"}],"curies":[{"name":"wp","href":"https:\/\/api.w.org\/{rel}","templated":true}]}}