{"id":141,"date":"2025-02-18T11:10:24","date_gmt":"2025-02-18T10:10:24","guid":{"rendered":"https:\/\/churerdeutsch.ch\/?page_id=141"},"modified":"2025-02-18T17:19:58","modified_gmt":"2025-02-18T16:19:58","slug":"alemannisch-in-der-rumantschia","status":"publish","type":"page","link":"https:\/\/churerdeutsch.ch\/?page_id=141","title":{"rendered":"Alemannisch in der Rumantschia"},"content":{"rendered":"\n<p><strong>Die alemannischen Dialekte im romanischen Sprachraum von Trin, Ilanz, Trun und Scuol<\/strong><\/p>\n\n\n\n<figure class=\"wp-block-image size-large\"><img loading=\"lazy\" decoding=\"async\" width=\"725\" height=\"1024\" src=\"https:\/\/churerdeutsch.ch\/wp-content\/uploads\/2025\/02\/alemannisch-in-der-rumantschia-pdf-oscar-eckhardt-725x1024.webp\" alt=\"\" class=\"wp-image-132\" srcset=\"https:\/\/churerdeutsch.ch\/wp-content\/uploads\/2025\/02\/alemannisch-in-der-rumantschia-pdf-oscar-eckhardt-725x1024.webp 725w, https:\/\/churerdeutsch.ch\/wp-content\/uploads\/2025\/02\/alemannisch-in-der-rumantschia-pdf-oscar-eckhardt-212x300.webp 212w, https:\/\/churerdeutsch.ch\/wp-content\/uploads\/2025\/02\/alemannisch-in-der-rumantschia-pdf-oscar-eckhardt-768x1085.webp 768w, https:\/\/churerdeutsch.ch\/wp-content\/uploads\/2025\/02\/alemannisch-in-der-rumantschia-pdf-oscar-eckhardt-1087x1536.webp 1087w, https:\/\/churerdeutsch.ch\/wp-content\/uploads\/2025\/02\/alemannisch-in-der-rumantschia-pdf-oscar-eckhardt.webp 1416w\" sizes=\"auto, (max-width: 725px) 100vw, 725px\" \/><\/figure>\n\n\n\n<h4 class=\"wp-block-heading\">Sprechen die B\u00fcndnerromanen besser Schweizerdeutsch, als sie glauben?<\/h4>\n\n\n\n<p><strong>Welchen Dialekt spricht eigentlich die<\/strong> <strong>b\u00fcndnerromanische Bev\u00f6lkerung, wenn<\/strong> <strong>sie Schweizerdeutsch spricht? Ist es ein<\/strong> <strong>dialektal angepasstes Hochdeutsch, ist es<\/strong> <strong>ein Gemisch aus verschiedenen schweizerisch-alemannischen Dialekten oder ist<\/strong> <strong>gar ein neuer Dialekt auf romanischemGrund entstanden? Und welche Qualit\u00e4t<\/strong> <strong>weist dieses Schweizerdeutsch im b\u00fcndnerromanischen Gebiet auf?<\/strong><\/p>\n\n\n\n<p>Diesen Fragen ist\u00a0<em>Oscar Eckhardt<\/em>, Linguist beim Institut f\u00fcr Kulturforschung Graub\u00fcnden, in einer mehrj\u00e4hrigen Studie nachgegangen.<\/p>\n\n\n\n<p>Oscar Eckhardt hat f\u00fcr seine Studie in den Ortschaften Trin, Ilanz, Trun (und als Kontrollort auch Scuol) zusammen mit Noemi Adam-Graf bei bei 35 Personen verschiedener Altersgruppen Dialekt-Tonaufnahmen gemacht. Viele der interviewten Personen erz\u00e4hlten dabei, wie sie Deutsch gelernt haben und welches Verh\u00e4ltnis sie zu Deutsch und auch zu ihrem alemannischen Dialekt haben. Diese Aufnahmen hat Oscar Eckhardt in einem zweiten Schritt sorgf\u00e4ltig transkribiert und kommentiert. Insgesamt sind so rund 180 Seiten kommentierter Dialekt-Texte entstanden, die als Ausgangspunkt f\u00fcr weitere Untersuchungen dienten. In einem dritten Schritt wurden die Aufnahmen Laut f\u00fcr Laut darauf \u00fcberpr\u00fcft, in welchem Verh\u00e4ltnis sie zum Churer-Rheintalischen stehen, das von Eckhardt als Grundlage f\u00fcr das Alemannisch in der Rumantschia angesehen wird. Aus diesen Codierungen hat der Autor der Studie die h\u00e4ufigen und typischen Merkmale zusammengefasst und damit eine Typisierung des Alemannischen der Rumantschia hergeleitet.<\/p>\n\n\n\n<p><\/p>\n\n\n\n<p><a href=\"https:\/\/www.steiner-verlag.de\/Alemannisch-in-der-Rumantschia\/9783515129954\">Bibliografische Angaben und Verlagsinfos<\/a><\/p>\n","protected":false},"excerpt":{"rendered":"<p>Die alemannischen Dialekte im romanischen Sprachraum von Trin, Ilanz, Trun und Scuol Sprechen die B\u00fcndnerromanen besser Schweizerdeutsch, als sie glauben? Welchen Dialekt spricht eigentlich die b\u00fcndnerromanische Bev\u00f6lkerung, wenn sie Schweizerdeutsch spricht? Ist es ein dialektal angepasstes Hochdeutsch, ist es ein Gemisch aus verschiedenen schweizerisch-alemannischen Dialekten oder ist gar ein neuer Dialekt auf romanischemGrund entstanden? Und [&hellip;]<\/p>\n","protected":false},"author":2,"featured_media":0,"parent":73,"menu_order":22,"comment_status":"closed","ping_status":"closed","template":"","meta":{"footnotes":""},"class_list":["post-141","page","type-page","status-publish","hentry"],"_links":{"self":[{"href":"https:\/\/churerdeutsch.ch\/index.php?rest_route=\/wp\/v2\/pages\/141","targetHints":{"allow":["GET"]}}],"collection":[{"href":"https:\/\/churerdeutsch.ch\/index.php?rest_route=\/wp\/v2\/pages"}],"about":[{"href":"https:\/\/churerdeutsch.ch\/index.php?rest_route=\/wp\/v2\/types\/page"}],"author":[{"embeddable":true,"href":"https:\/\/churerdeutsch.ch\/index.php?rest_route=\/wp\/v2\/users\/2"}],"replies":[{"embeddable":true,"href":"https:\/\/churerdeutsch.ch\/index.php?rest_route=%2Fwp%2Fv2%2Fcomments&post=141"}],"version-history":[{"count":4,"href":"https:\/\/churerdeutsch.ch\/index.php?rest_route=\/wp\/v2\/pages\/141\/revisions"}],"predecessor-version":[{"id":183,"href":"https:\/\/churerdeutsch.ch\/index.php?rest_route=\/wp\/v2\/pages\/141\/revisions\/183"}],"up":[{"embeddable":true,"href":"https:\/\/churerdeutsch.ch\/index.php?rest_route=\/wp\/v2\/pages\/73"}],"wp:attachment":[{"href":"https:\/\/churerdeutsch.ch\/index.php?rest_route=%2Fwp%2Fv2%2Fmedia&parent=141"}],"curies":[{"name":"wp","href":"https:\/\/api.w.org\/{rel}","templated":true}]}}