{"id":122,"date":"2025-02-16T22:14:42","date_gmt":"2025-02-16T21:14:42","guid":{"rendered":"https:\/\/churerdeutsch.ch\/?page_id=122"},"modified":"2025-03-04T22:20:23","modified_gmt":"2025-03-04T21:20:23","slug":"publikationen-zu-den-buendner-dialekten","status":"publish","type":"page","link":"https:\/\/churerdeutsch.ch\/?page_id=122","title":{"rendered":"Einige Publikationen zu den B\u00fcndner Dialekten"},"content":{"rendered":"\n<h4 class=\"wp-block-heading\">Publikationen zur B\u00fcndner Mehrsprachigkeit<\/h4>\n\n\n\n<p>Adam-Graf,&nbsp;Noemi Gioia (2022): Komplexe Sprachr\u00e4ume erleben. Zur Wahrnehmung der sprachlichen Vielfalt im Kanton Graub\u00fcnden. Dissertation Universit\u00e4t Z\u00fcrich. Z\u00fcrich.&nbsp;<a href=\"https:\/\/doi.org\/10.5167\/uzh-223815\">Online-Zugang<\/a><\/p>\n\n\n\n<p><strong>Gr\u00fcnert<\/strong>, <strong>Matthias \/ Regula Cathomas \/ Thomas Gadmer \/ Mathias Picenoni<\/strong> (2008); Das Funktionieren der Dreisprachigkeit im Kanton Graub\u00fcnden. Franke. T\u00fcbingen. (Reihe Romanica Helvetica 127)<\/p>\n\n\n\n<h4 class=\"wp-block-heading\">Publikationen zu Deutschb\u00fcnden<\/h4>\n\n\n\n<figure class=\"wp-block-image size-large\"><img loading=\"lazy\" decoding=\"async\" width=\"1024\" height=\"768\" src=\"https:\/\/churerdeutsch.ch\/wp-content\/uploads\/2025\/02\/IMG_3504-1024x768.jpg\" alt=\"\" class=\"wp-image-20\" srcset=\"https:\/\/churerdeutsch.ch\/wp-content\/uploads\/2025\/02\/IMG_3504-1024x768.jpg 1024w, https:\/\/churerdeutsch.ch\/wp-content\/uploads\/2025\/02\/IMG_3504-300x225.jpg 300w, https:\/\/churerdeutsch.ch\/wp-content\/uploads\/2025\/02\/IMG_3504-768x576.jpg 768w\" sizes=\"auto, (max-width: 1024px) 100vw, 1024px\" \/><figcaption class=\"wp-element-caption\">Chur vom K\u00e4nzeli \u2013 unterhalb des Mittenbergs \u2013 aus. (Foto Oscar Eckhardt)<\/figcaption><\/figure>\n\n\n\n<p>HOTZENK\u00d6CHERLE,&nbsp;RUDOLF&nbsp;(1943): B\u00fcndnerische Verbalformengeographie. Ein Beitrag zur Kenntnis der Struktur der deutschb\u00fcndnerischen Sprachlandschaft. In: \u201eSache, Ort und Wort\u201c, Festschrift Jakob Jud (Romanica Helvetica. 20), 486\u2013543. [Repr. in: HOTZENK\u00d6CHERLE,&nbsp;RUDOLF&nbsp;(1986).]<\/p>\n\n\n\n<p>HOTZENK\u00d6CHERLE,\u00a0RUDOLF\u00a0(1986): Dialektstrukturen im Wandel. Gesammelte Aufs\u00e4tze zur Dialektologie der deutschen Schweiz und der Walsergebiete Oberitaliens. Hg. SCHL\u00c4PFER, ROBERT\u00a0\/\u00a0RUDOLF\u00a0TR\u00dcB. Aarau\/Frankfurt a. M.\/Salzburg: Sauerl\u00e4nder. (Reihe Sprachlandschaft. 2)<\/p>\n\n\n\n<p>Rizzi, Enrico (2024); 750 Jahre Walser in Graub\u00fcnden. Walservereinigung Graub\u00fcnden. Davos-Dorf.<\/p>\n\n\n\n<p><strong>Zinsli, Paul<\/strong> (2000, 7. Auflage): Walser Volkstum. In der Schweiz, in Vorarlberg, Liechtenstein und Italien. Verlag B\u00fcndner Monatsblatt.<\/p>\n\n\n\n<h4 class=\"wp-block-heading\">Publikationen zu Romanischb\u00fcnden<\/h4>\n\n\n\n<figure class=\"wp-block-image size-large\"><img loading=\"lazy\" decoding=\"async\" width=\"1024\" height=\"768\" src=\"https:\/\/churerdeutsch.ch\/wp-content\/uploads\/2025\/03\/Obermutten-1024x768.jpeg\" alt=\"\" class=\"wp-image-378\" srcset=\"https:\/\/churerdeutsch.ch\/wp-content\/uploads\/2025\/03\/Obermutten-1024x768.jpeg 1024w, https:\/\/churerdeutsch.ch\/wp-content\/uploads\/2025\/03\/Obermutten-300x225.jpeg 300w, https:\/\/churerdeutsch.ch\/wp-content\/uploads\/2025\/03\/Obermutten-768x576.jpeg 768w, https:\/\/churerdeutsch.ch\/wp-content\/uploads\/2025\/03\/Obermutten-1536x1152.jpeg 1536w, https:\/\/churerdeutsch.ch\/wp-content\/uploads\/2025\/03\/Obermutten-2048x1536.jpeg 2048w\" sizes=\"auto, (max-width: 1024px) 100vw, 1024px\" \/><figcaption class=\"wp-element-caption\">Stierva. (Foto Oscar Eckhardt)<\/figcaption><\/figure>\n\n\n\n<p>Facts and Figures<\/p>\n\n\n\n<h4 class=\"wp-block-heading\">Publikationen zur Italienischb\u00fcnden<\/h4>\n\n\n\n<figure class=\"wp-block-image size-large\"><img loading=\"lazy\" decoding=\"async\" width=\"1024\" height=\"768\" src=\"https:\/\/churerdeutsch.ch\/wp-content\/uploads\/2025\/03\/Soglio-Dorfplatz-1024x768.jpeg\" alt=\"\" class=\"wp-image-377\" srcset=\"https:\/\/churerdeutsch.ch\/wp-content\/uploads\/2025\/03\/Soglio-Dorfplatz-1024x768.jpeg 1024w, https:\/\/churerdeutsch.ch\/wp-content\/uploads\/2025\/03\/Soglio-Dorfplatz-300x225.jpeg 300w, https:\/\/churerdeutsch.ch\/wp-content\/uploads\/2025\/03\/Soglio-Dorfplatz-768x576.jpeg 768w, https:\/\/churerdeutsch.ch\/wp-content\/uploads\/2025\/03\/Soglio-Dorfplatz-1536x1152.jpeg 1536w, https:\/\/churerdeutsch.ch\/wp-content\/uploads\/2025\/03\/Soglio-Dorfplatz-2048x1536.jpeg 2048w\" sizes=\"auto, (max-width: 1024px) 100vw, 1024px\" \/><figcaption class=\"wp-element-caption\">Dorfplatz von Soglio. (Foto Oscar Eckhardt)<\/figcaption><\/figure>\n","protected":false},"excerpt":{"rendered":"<p>Publikationen zur B\u00fcndner Mehrsprachigkeit Adam-Graf,&nbsp;Noemi Gioia (2022): Komplexe Sprachr\u00e4ume erleben. Zur Wahrnehmung der sprachlichen Vielfalt im Kanton Graub\u00fcnden. Dissertation Universit\u00e4t Z\u00fcrich. Z\u00fcrich.&nbsp;Online-Zugang Gr\u00fcnert, Matthias \/ Regula Cathomas \/ Thomas Gadmer \/ Mathias Picenoni (2008); Das Funktionieren der Dreisprachigkeit im Kanton Graub\u00fcnden. Franke. T\u00fcbingen. (Reihe Romanica Helvetica 127) Publikationen zu Deutschb\u00fcnden HOTZENK\u00d6CHERLE,&nbsp;RUDOLF&nbsp;(1943): B\u00fcndnerische Verbalformengeographie. Ein Beitrag [&hellip;]<\/p>\n","protected":false},"author":2,"featured_media":0,"parent":0,"menu_order":40,"comment_status":"closed","ping_status":"closed","template":"","meta":{"footnotes":""},"class_list":["post-122","page","type-page","status-publish","hentry"],"_links":{"self":[{"href":"https:\/\/churerdeutsch.ch\/index.php?rest_route=\/wp\/v2\/pages\/122","targetHints":{"allow":["GET"]}}],"collection":[{"href":"https:\/\/churerdeutsch.ch\/index.php?rest_route=\/wp\/v2\/pages"}],"about":[{"href":"https:\/\/churerdeutsch.ch\/index.php?rest_route=\/wp\/v2\/types\/page"}],"author":[{"embeddable":true,"href":"https:\/\/churerdeutsch.ch\/index.php?rest_route=\/wp\/v2\/users\/2"}],"replies":[{"embeddable":true,"href":"https:\/\/churerdeutsch.ch\/index.php?rest_route=%2Fwp%2Fv2%2Fcomments&post=122"}],"version-history":[{"count":6,"href":"https:\/\/churerdeutsch.ch\/index.php?rest_route=\/wp\/v2\/pages\/122\/revisions"}],"predecessor-version":[{"id":381,"href":"https:\/\/churerdeutsch.ch\/index.php?rest_route=\/wp\/v2\/pages\/122\/revisions\/381"}],"wp:attachment":[{"href":"https:\/\/churerdeutsch.ch\/index.php?rest_route=%2Fwp%2Fv2%2Fmedia&parent=122"}],"curies":[{"name":"wp","href":"https:\/\/api.w.org\/{rel}","templated":true}]}}